{"id":7020,"date":"2023-05-03T22:22:34","date_gmt":"2023-05-03T22:22:34","guid":{"rendered":"https:\/\/beyondclimatepromises.ca\/?page_id=7020"},"modified":"2023-05-04T14:53:37","modified_gmt":"2023-05-04T14:53:37","slug":"strong-cap-letter-fr","status":"publish","type":"page","link":"https:\/\/beyondclimatepromises.ca\/fr\/strong-cap-letter-fr\/","title":{"rendered":"We need a strong cap on emissions"},"content":{"rendered":"\t\t<div data-elementor-type=\"wp-page\" data-elementor-id=\"7020\" class=\"elementor elementor-7020\">\n\t\t\t\t<div class=\"elementor-element elementor-element-abed148 e-con-full e-flex e-con e-parent\" data-id=\"abed148\" data-element_type=\"container\" data-e-type=\"container\" data-settings=\"{&quot;background_background&quot;:&quot;classic&quot;}\">\n\t\t\t\t<div class=\"elementor-element elementor-element-8f97c1a elementor-widget__width-inherit elementor-widget elementor-widget-heading\" data-id=\"8f97c1a\" data-element_type=\"widget\" data-e-type=\"widget\" data-widget_type=\"heading.default\">\n\t\t\t\t<div class=\"elementor-widget-container\">\n\t\t\t\t\t<h1 class=\"elementor-heading-title elementor-size-default\">Nous avons besoin d'un plafond strict pour les \u00e9missions<\/h1>\t\t\t\t<\/div>\n\t\t\t\t<\/div>\n\t\t\t\t<div class=\"elementor-element elementor-element-85582d8 elementor-widget elementor-widget-button\" data-id=\"85582d8\" data-element_type=\"widget\" data-e-type=\"widget\" data-widget_type=\"button.default\">\n\t\t\t\t<div class=\"elementor-widget-container\">\n\t\t\t\t\t\t\t\t\t<div class=\"elementor-button-wrapper\">\n\t\t\t\t\t<a class=\"elementor-button elementor-button-link elementor-size-sm\" href=\"https:\/\/beyondclimatepromises.ca\/strong-cap-letter\">\n\t\t\t\t\t\t<span class=\"elementor-button-content-wrapper\">\n\t\t\t\t\t\t\t\t\t<span class=\"elementor-button-text\">en\/fr<\/span>\n\t\t\t\t\t<\/span>\n\t\t\t\t\t<\/a>\n\t\t\t\t<\/div>\n\t\t\t\t\t\t\t\t<\/div>\n\t\t\t\t<\/div>\n\t\t\t\t<\/div>\n\t\t<div class=\"elementor-element elementor-element-4b2df9b e-flex e-con-boxed e-con e-parent\" data-id=\"4b2df9b\" data-element_type=\"container\" data-e-type=\"container\">\n\t\t\t\t\t<div class=\"e-con-inner\">\n\t\t<div class=\"elementor-element elementor-element-af13496 e-con-full e-flex e-con e-parent\" data-id=\"af13496\" data-element_type=\"container\" data-e-type=\"container\">\n\t\t<div class=\"elementor-element elementor-element-302657e e-flex e-con-boxed e-con e-parent\" data-id=\"302657e\" data-element_type=\"container\" data-e-type=\"container\" data-settings=\"{&quot;background_background&quot;:&quot;classic&quot;}\">\n\t\t\t\t\t<div class=\"e-con-inner\">\n\t\t\t\t<div class=\"elementor-element elementor-element-1b2fc65 elementor-widget elementor-widget-heading\" data-id=\"1b2fc65\" data-element_type=\"widget\" data-e-type=\"widget\" data-widget_type=\"heading.default\">\n\t\t\t\t<div class=\"elementor-widget-container\">\n\t\t\t\t\t<h5 class=\"elementor-heading-title elementor-size-default\">Dites \u00e0 vos repr\u00e9sentants \u00e0 Ottawa de tenir t\u00eate au lobby du p\u00e9trole et du gaz<\/h5>\t\t\t\t<\/div>\n\t\t\t\t<\/div>\n\t\t\t\t\t<\/div>\n\t\t\t\t<\/div>\n\t\t<div class=\"elementor-element elementor-element-6f24d65 e-con-full e-flex e-con e-parent\" data-id=\"6f24d65\" data-element_type=\"container\" data-e-type=\"container\">\n\t\t\t\t<div class=\"elementor-element elementor-element-20f4d82 elementor-widget__width-initial elementor-widget-tablet__width-initial elementor-widget elementor-widget-shortcode\" data-id=\"20f4d82\" data-element_type=\"widget\" data-e-type=\"widget\" data-widget_type=\"shortcode.default\">\n\t\t\t\t<div class=\"elementor-widget-container\">\n\t\t\t\t\t\t\t<div class=\"elementor-shortcode\">  <div id=\"newmode-embed-57245-57536\"><\/div>\n  <script>\n    (function(n,e,w,m,o,d){m=n.createElement(e);m.async=1;m.src=w;\n    o=n.getElementsByTagName(e)[0];o.parentNode.insertBefore(m,o);\n    })(document,'script','\/\/engage.newmode.net\/embed\/57245\/57536.js');\n  <\/script>\n\n<\/div>\n\t\t\t\t\t\t<\/div>\n\t\t\t\t<\/div>\n\t\t\t\t<\/div>\n\t\t\t\t<\/div>\n\t\t<div class=\"elementor-element elementor-element-96bad4e e-con-full e-flex e-con e-parent\" data-id=\"96bad4e\" data-element_type=\"container\" data-e-type=\"container\">\n\t\t<div class=\"elementor-element elementor-element-9591655 e-con-full e-flex e-con e-parent\" data-id=\"9591655\" data-element_type=\"container\" data-e-type=\"container\">\n\t\t\t\t<div class=\"elementor-element elementor-element-eeada44 elementor-widget__width-initial elementor-widget-tablet__width-initial elementor-widget-mobile__width-initial elementor-widget elementor-widget-text-editor\" data-id=\"eeada44\" data-element_type=\"widget\" data-e-type=\"widget\" data-widget_type=\"text-editor.default\">\n\t\t\t\t<div class=\"elementor-widget-container\">\n\t\t\t\t\t\t\t\t\t<p>L&#8217;industrie p\u00e9troli\u00e8re et gazi\u00e8re est responsable de plus d&#8217;\u00e9missions de gaz \u00e0 effet de serre que tout autre secteur au Canada &#8211; et elle fait pression sur le gouvernement f\u00e9d\u00e9ral pour qu&#8217;il en reste ainsi. Au cours du seul mois de f\u00e9vrier, les lobbyistes de l&#8217;industrie p\u00e9troli\u00e8re et gazi\u00e8re ont rencontr\u00e9 des repr\u00e9sentants du gouvernement f\u00e9d\u00e9ral au moins 91 fois. Et il ne s&#8217;agit l\u00e0 que de rencontres officielles &#8211; la plupart ne le sont pas.<\/p><p>\u00c0 l&#8217;heure actuelle, le gouvernement f\u00e9d\u00e9ral \u00e9labore des r\u00e9glementations relatives \u00e0 un plafond d&#8217;\u00e9missions afin d&#8217;encadrer l&#8217;industrie p\u00e9troli\u00e8re et gazi\u00e8re. <b>Cela pourrait changer la donne.<\/b>\u00a0<\/p><p>Faisons savoir \u00e0 nos d\u00e9put\u00e9s que nous comptons sur eux pour tenir t\u00eate au lobby du p\u00e9trole et du gaz et pour mettre en place un plafond d&#8217;\u00e9missions strict et \u00e9quitable.<\/p>\t\t\t\t\t\t\t\t<\/div>\n\t\t\t\t<\/div>\n\t\t<div class=\"elementor-element elementor-element-e0ed7dc e-con-full e-flex e-con e-parent\" data-id=\"e0ed7dc\" data-element_type=\"container\" data-e-type=\"container\">\n\t\t\t\t<div class=\"elementor-element elementor-element-6c8eee0 elementor-widget elementor-widget-image\" data-id=\"6c8eee0\" data-element_type=\"widget\" data-e-type=\"widget\" data-widget_type=\"image.default\">\n\t\t\t\t<div class=\"elementor-widget-container\">\n\t\t\t\t\t\t\t\t\t\t\t\t\t\t\t<img fetchpriority=\"high\" decoding=\"async\" width=\"1024\" height=\"652\" src=\"https:\/\/beyondclimatepromises.ca\/wp-content\/uploads\/2023\/04\/chipmunk-in-love-with-emissions-cap.png\" class=\"attachment-large size-large wp-image-6616\" alt=\"\" srcset=\"https:\/\/beyondclimatepromises.ca\/wp-content\/uploads\/2023\/04\/chipmunk-in-love-with-emissions-cap.png 1024w, https:\/\/beyondclimatepromises.ca\/wp-content\/uploads\/2023\/04\/chipmunk-in-love-with-emissions-cap-300x191.png 300w, https:\/\/beyondclimatepromises.ca\/wp-content\/uploads\/2023\/04\/chipmunk-in-love-with-emissions-cap-768x489.png 768w\" sizes=\"(max-width: 1024px) 100vw, 1024px\" \/>\t\t\t\t\t\t\t\t\t\t\t\t\t\t\t<\/div>\n\t\t\t\t<\/div>\n\t\t\t\t<\/div>\n\t\t\t\t<\/div>\n\t\t\t\t<\/div>\n\t\t\t\t\t<\/div>\n\t\t\t\t<\/div>\n\t\t<div class=\"elementor-element elementor-element-c1ec258 e-flex e-con-boxed e-con e-parent\" data-id=\"c1ec258\" data-element_type=\"container\" data-e-type=\"container\">\n\t\t\t\t\t<div class=\"e-con-inner\">\n\t\t<div class=\"elementor-element elementor-element-0e55a1c e-con-full e-flex e-con e-parent\" data-id=\"0e55a1c\" data-element_type=\"container\" data-e-type=\"container\">\n\t\t\t\t<div class=\"elementor-element elementor-element-9e3547e elementor-widget elementor-widget-button\" data-id=\"9e3547e\" data-element_type=\"widget\" data-e-type=\"widget\" data-widget_type=\"button.default\">\n\t\t\t\t<div class=\"elementor-widget-container\">\n\t\t\t\t\t\t\t\t\t<div class=\"elementor-button-wrapper\">\n\t\t\t\t\t<a class=\"elementor-button elementor-button-link elementor-size-sm\" href=\"https:\/\/beyondclimatepromises.ca\/strong-cap-on-emissions-explainer\/\" target=\"_blank\">\n\t\t\t\t\t\t<span class=\"elementor-button-content-wrapper\">\n\t\t\t\t\t\t\t\t\t<span class=\"elementor-button-text\">Explication : Pourquoi un plafond d'\u00e9missions?<\/span>\n\t\t\t\t\t<\/span>\n\t\t\t\t\t<\/a>\n\t\t\t\t<\/div>\n\t\t\t\t\t\t\t\t<\/div>\n\t\t\t\t<\/div>\n\t\t\t\t<\/div>\n\t\t\t\t\t<\/div>\n\t\t\t\t<\/div>\n\t\t\t\t<\/div>\n\t\t","protected":false},"excerpt":{"rendered":"<p>Nous avons besoin d&#8217;un plafond strict pour les \u00e9missions en\/fr Dites \u00e0 vos repr\u00e9sentants \u00e0 Ottawa de tenir t\u00eate au lobby du p\u00e9trole et du gaz L&#8217;industrie p\u00e9troli\u00e8re et gazi\u00e8re est responsable de plus d&#8217;\u00e9missions de gaz \u00e0 effet de serre que tout autre secteur au Canada &#8211; et elle fait pression sur le gouvernement [&hellip;]<\/p>\n","protected":false},"author":1,"featured_media":0,"parent":0,"menu_order":0,"comment_status":"closed","ping_status":"closed","template":"","meta":{"_acf_changed":false,"footnotes":""},"class_list":["post-7020","page","type-page","status-publish","hentry"],"acf":[],"yoast_head":"<!-- This site is optimized with the Yoast SEO Premium plugin v20.5 (Yoast SEO v27.1.1) - https:\/\/yoast.com\/product\/yoast-seo-premium-wordpress\/ -->\n<title>We need a strong cap on emissions - Beyond Climate Promises<\/title>\n<meta name=\"description\" content=\"Dites \u00e0 vos repr\u00e9sentants \u00e0 Ottawa de tenir t\u00eate au lobby du p\u00e9trole et du gaz\" \/>\n<meta name=\"robots\" content=\"index, follow, max-snippet:-1, max-image-preview:large, max-video-preview:-1\" \/>\n<link rel=\"canonical\" href=\"https:\/\/beyondclimatepromises.ca\/fr\/strong-cap-letter-fr\/\" \/>\n<meta property=\"og:locale\" content=\"fr_CA\" \/>\n<meta property=\"og:type\" content=\"article\" \/>\n<meta property=\"og:title\" content=\"\u270d\ufe0f Dites \u00e0 vos repr\u00e9sentants \u00e0 Ottawa de tenir t\u00eate au lobby du p\u00e9trole et du gaz\" \/>\n<meta property=\"og:description\" content=\"Cela pourrait changer la donne.\" \/>\n<meta property=\"og:url\" content=\"https:\/\/beyondclimatepromises.ca\/fr\/strong-cap-letter-fr\/\" \/>\n<meta property=\"og:site_name\" content=\"Beyond Climate Promises\" \/>\n<meta property=\"article:publisher\" content=\"https:\/\/www.facebook.com\/sierraatlanticcanada\" \/>\n<meta property=\"article:modified_time\" content=\"2023-05-04T14:53:37+00:00\" \/>\n<meta property=\"og:image\" content=\"https:\/\/beyondclimatepromises.ca\/wp-content\/uploads\/2023\/04\/We-need-a-strong-cap-on-emissions.jpg\" \/>\n\t<meta property=\"og:image:width\" content=\"2098\" \/>\n\t<meta property=\"og:image:height\" content=\"1176\" \/>\n\t<meta property=\"og:image:type\" content=\"image\/jpeg\" \/>\n<meta name=\"twitter:card\" content=\"summary_large_image\" \/>\n<meta name=\"twitter:title\" content=\"\u270d\ufe0f Dites \u00e0 vos repr\u00e9sentants \u00e0 Ottawa de tenir t\u00eate au lobby du p\u00e9trole et du gaz\" \/>\n<meta name=\"twitter:description\" content=\"Cela pourrait changer la donne.\" \/>\n<meta name=\"twitter:image\" content=\"https:\/\/beyondclimatepromises.ca\/wp-content\/uploads\/2023\/04\/We-need-a-strong-cap-on-emissions.jpg\" \/>\n<meta name=\"twitter:site\" content=\"@SierraClubACC\" \/>\n<meta name=\"twitter:label1\" content=\"Estimation du temps de lecture\" \/>\n\t<meta name=\"twitter:data1\" content=\"1 minute\" \/>\n<script type=\"application\/ld+json\" class=\"yoast-schema-graph\">{\"@context\":\"https:\/\/schema.org\",\"@graph\":[{\"@type\":\"WebPage\",\"@id\":\"https:\/\/beyondclimatepromises.ca\/strong-cap-letter-fr\/\",\"url\":\"https:\/\/beyondclimatepromises.ca\/strong-cap-letter-fr\/\",\"name\":\"We need a strong cap on emissions - Beyond Climate Promises\",\"isPartOf\":{\"@id\":\"https:\/\/beyondclimatepromises.ca\/#website\"},\"primaryImageOfPage\":{\"@id\":\"https:\/\/beyondclimatepromises.ca\/strong-cap-letter-fr\/#primaryimage\"},\"image\":{\"@id\":\"https:\/\/beyondclimatepromises.ca\/strong-cap-letter-fr\/#primaryimage\"},\"thumbnailUrl\":\"https:\/\/beyondclimatepromises.ca\/wp-content\/uploads\/2023\/04\/chipmunk-in-love-with-emissions-cap.png\",\"datePublished\":\"2023-05-03T22:22:34+00:00\",\"dateModified\":\"2023-05-04T14:53:37+00:00\",\"description\":\"Dites \u00e0 vos repr\u00e9sentants \u00e0 Ottawa de tenir t\u00eate au lobby du p\u00e9trole et du gaz\",\"breadcrumb\":{\"@id\":\"https:\/\/beyondclimatepromises.ca\/strong-cap-letter-fr\/#breadcrumb\"},\"inLanguage\":\"fr-CA\",\"potentialAction\":[{\"@type\":\"ReadAction\",\"target\":[\"https:\/\/beyondclimatepromises.ca\/strong-cap-letter-fr\/\"]}]},{\"@type\":\"ImageObject\",\"inLanguage\":\"fr-CA\",\"@id\":\"https:\/\/beyondclimatepromises.ca\/strong-cap-letter-fr\/#primaryimage\",\"url\":\"https:\/\/beyondclimatepromises.ca\/wp-content\/uploads\/2023\/04\/chipmunk-in-love-with-emissions-cap.png\",\"contentUrl\":\"https:\/\/beyondclimatepromises.ca\/wp-content\/uploads\/2023\/04\/chipmunk-in-love-with-emissions-cap.png\"},{\"@type\":\"BreadcrumbList\",\"@id\":\"https:\/\/beyondclimatepromises.ca\/strong-cap-letter-fr\/#breadcrumb\",\"itemListElement\":[{\"@type\":\"ListItem\",\"position\":1,\"name\":\"Home\",\"item\":\"https:\/\/beyondclimatepromises.ca\/\"},{\"@type\":\"ListItem\",\"position\":2,\"name\":\"We need a strong cap on emissions\"}]},{\"@type\":\"WebSite\",\"@id\":\"https:\/\/beyondclimatepromises.ca\/#website\",\"url\":\"https:\/\/beyondclimatepromises.ca\/\",\"name\":\"Beyond Climate Promises\",\"description\":\"\",\"publisher\":{\"@id\":\"https:\/\/beyondclimatepromises.ca\/#organization\"},\"potentialAction\":[{\"@type\":\"SearchAction\",\"target\":{\"@type\":\"EntryPoint\",\"urlTemplate\":\"https:\/\/beyondclimatepromises.ca\/?s={search_term_string}\"},\"query-input\":{\"@type\":\"PropertyValueSpecification\",\"valueRequired\":true,\"valueName\":\"search_term_string\"}}],\"inLanguage\":\"fr-CA\"},{\"@type\":\"Organization\",\"@id\":\"https:\/\/beyondclimatepromises.ca\/#organization\",\"name\":\"Beyond Climate Promises\",\"url\":\"https:\/\/beyondclimatepromises.ca\/\",\"logo\":{\"@type\":\"ImageObject\",\"inLanguage\":\"fr-CA\",\"@id\":\"https:\/\/beyondclimatepromises.ca\/#\/schema\/logo\/image\/\",\"url\":\"https:\/\/beyondclimatepromises.ca\/wp-content\/uploads\/2021\/11\/SCC-ATL-H-EN.jpg\",\"contentUrl\":\"https:\/\/beyondclimatepromises.ca\/wp-content\/uploads\/2021\/11\/SCC-ATL-H-EN.jpg\",\"width\":764,\"height\":333,\"caption\":\"Beyond Climate Promises\"},\"image\":{\"@id\":\"https:\/\/beyondclimatepromises.ca\/#\/schema\/logo\/image\/\"},\"sameAs\":[\"https:\/\/www.facebook.com\/sierraatlanticcanada\",\"https:\/\/x.com\/SierraClubACC\",\"https:\/\/www.instagram.com\/sierraclubatlantic\/\",\"https:\/\/www.youtube.com\/channel\/UCBx-Ccd7AF_LjtRH6A_WXQg\"]}]}<\/script>\n<!-- \/ Yoast SEO Premium plugin. -->","yoast_head_json":{"title":"We need a strong cap on emissions - Beyond Climate Promises","description":"Dites \u00e0 vos repr\u00e9sentants \u00e0 Ottawa de tenir t\u00eate au lobby du p\u00e9trole et du gaz","robots":{"index":"index","follow":"follow","max-snippet":"max-snippet:-1","max-image-preview":"max-image-preview:large","max-video-preview":"max-video-preview:-1"},"canonical":"https:\/\/beyondclimatepromises.ca\/fr\/strong-cap-letter-fr\/","og_locale":"fr_CA","og_type":"article","og_title":"\u270d\ufe0f Dites \u00e0 vos repr\u00e9sentants \u00e0 Ottawa de tenir t\u00eate au lobby du p\u00e9trole et du gaz","og_description":"Cela pourrait changer la donne.","og_url":"https:\/\/beyondclimatepromises.ca\/fr\/strong-cap-letter-fr\/","og_site_name":"Beyond Climate Promises","article_publisher":"https:\/\/www.facebook.com\/sierraatlanticcanada","article_modified_time":"2023-05-04T14:53:37+00:00","og_image":[{"width":2098,"height":1176,"url":"https:\/\/beyondclimatepromises.ca\/wp-content\/uploads\/2023\/04\/We-need-a-strong-cap-on-emissions.jpg","type":"image\/jpeg"}],"twitter_card":"summary_large_image","twitter_title":"\u270d\ufe0f Dites \u00e0 vos repr\u00e9sentants \u00e0 Ottawa de tenir t\u00eate au lobby du p\u00e9trole et du gaz","twitter_description":"Cela pourrait changer la donne.","twitter_image":"https:\/\/beyondclimatepromises.ca\/wp-content\/uploads\/2023\/04\/We-need-a-strong-cap-on-emissions.jpg","twitter_site":"@SierraClubACC","twitter_misc":{"Estimation du temps de lecture":"1 minute"},"schema":{"@context":"https:\/\/schema.org","@graph":[{"@type":"WebPage","@id":"https:\/\/beyondclimatepromises.ca\/strong-cap-letter-fr\/","url":"https:\/\/beyondclimatepromises.ca\/strong-cap-letter-fr\/","name":"We need a strong cap on emissions - Beyond Climate Promises","isPartOf":{"@id":"https:\/\/beyondclimatepromises.ca\/#website"},"primaryImageOfPage":{"@id":"https:\/\/beyondclimatepromises.ca\/strong-cap-letter-fr\/#primaryimage"},"image":{"@id":"https:\/\/beyondclimatepromises.ca\/strong-cap-letter-fr\/#primaryimage"},"thumbnailUrl":"https:\/\/beyondclimatepromises.ca\/wp-content\/uploads\/2023\/04\/chipmunk-in-love-with-emissions-cap.png","datePublished":"2023-05-03T22:22:34+00:00","dateModified":"2023-05-04T14:53:37+00:00","description":"Dites \u00e0 vos repr\u00e9sentants \u00e0 Ottawa de tenir t\u00eate au lobby du p\u00e9trole et du gaz","breadcrumb":{"@id":"https:\/\/beyondclimatepromises.ca\/strong-cap-letter-fr\/#breadcrumb"},"inLanguage":"fr-CA","potentialAction":[{"@type":"ReadAction","target":["https:\/\/beyondclimatepromises.ca\/strong-cap-letter-fr\/"]}]},{"@type":"ImageObject","inLanguage":"fr-CA","@id":"https:\/\/beyondclimatepromises.ca\/strong-cap-letter-fr\/#primaryimage","url":"https:\/\/beyondclimatepromises.ca\/wp-content\/uploads\/2023\/04\/chipmunk-in-love-with-emissions-cap.png","contentUrl":"https:\/\/beyondclimatepromises.ca\/wp-content\/uploads\/2023\/04\/chipmunk-in-love-with-emissions-cap.png"},{"@type":"BreadcrumbList","@id":"https:\/\/beyondclimatepromises.ca\/strong-cap-letter-fr\/#breadcrumb","itemListElement":[{"@type":"ListItem","position":1,"name":"Home","item":"https:\/\/beyondclimatepromises.ca\/"},{"@type":"ListItem","position":2,"name":"We need a strong cap on emissions"}]},{"@type":"WebSite","@id":"https:\/\/beyondclimatepromises.ca\/#website","url":"https:\/\/beyondclimatepromises.ca\/","name":"Beyond Climate Promises","description":"","publisher":{"@id":"https:\/\/beyondclimatepromises.ca\/#organization"},"potentialAction":[{"@type":"SearchAction","target":{"@type":"EntryPoint","urlTemplate":"https:\/\/beyondclimatepromises.ca\/?s={search_term_string}"},"query-input":{"@type":"PropertyValueSpecification","valueRequired":true,"valueName":"search_term_string"}}],"inLanguage":"fr-CA"},{"@type":"Organization","@id":"https:\/\/beyondclimatepromises.ca\/#organization","name":"Beyond Climate Promises","url":"https:\/\/beyondclimatepromises.ca\/","logo":{"@type":"ImageObject","inLanguage":"fr-CA","@id":"https:\/\/beyondclimatepromises.ca\/#\/schema\/logo\/image\/","url":"https:\/\/beyondclimatepromises.ca\/wp-content\/uploads\/2021\/11\/SCC-ATL-H-EN.jpg","contentUrl":"https:\/\/beyondclimatepromises.ca\/wp-content\/uploads\/2021\/11\/SCC-ATL-H-EN.jpg","width":764,"height":333,"caption":"Beyond Climate Promises"},"image":{"@id":"https:\/\/beyondclimatepromises.ca\/#\/schema\/logo\/image\/"},"sameAs":["https:\/\/www.facebook.com\/sierraatlanticcanada","https:\/\/x.com\/SierraClubACC","https:\/\/www.instagram.com\/sierraclubatlantic\/","https:\/\/www.youtube.com\/channel\/UCBx-Ccd7AF_LjtRH6A_WXQg"]}]}},"_links":{"self":[{"href":"https:\/\/beyondclimatepromises.ca\/fr\/wp-json\/wp\/v2\/pages\/7020","targetHints":{"allow":["GET"]}}],"collection":[{"href":"https:\/\/beyondclimatepromises.ca\/fr\/wp-json\/wp\/v2\/pages"}],"about":[{"href":"https:\/\/beyondclimatepromises.ca\/fr\/wp-json\/wp\/v2\/types\/page"}],"author":[{"embeddable":true,"href":"https:\/\/beyondclimatepromises.ca\/fr\/wp-json\/wp\/v2\/users\/1"}],"replies":[{"embeddable":true,"href":"https:\/\/beyondclimatepromises.ca\/fr\/wp-json\/wp\/v2\/comments?post=7020"}],"version-history":[{"count":16,"href":"https:\/\/beyondclimatepromises.ca\/fr\/wp-json\/wp\/v2\/pages\/7020\/revisions"}],"predecessor-version":[{"id":7049,"href":"https:\/\/beyondclimatepromises.ca\/fr\/wp-json\/wp\/v2\/pages\/7020\/revisions\/7049"}],"wp:attachment":[{"href":"https:\/\/beyondclimatepromises.ca\/fr\/wp-json\/wp\/v2\/media?parent=7020"}],"curies":[{"name":"wp","href":"https:\/\/api.w.org\/{rel}","templated":true}]}}